{"id":3689,"date":"2023-03-29T20:30:51","date_gmt":"2023-03-29T19:30:51","guid":{"rendered":"https:\/\/kls\/cookies-richtlinie\/"},"modified":"2023-03-29T20:30:51","modified_gmt":"2023-03-29T19:30:51","slug":"cookies-richtlinie","status":"publish","type":"page","link":"https:\/\/www.kls.eu.com\/de\/cookies-richtlinie\/","title":{"rendered":"Cookies-Richtlinie"},"content":{"rendered":"<h3 style=\"text-align: center;\">DEFINICJE<\/h3>\n<ol>\n<li><strong>Administrator<\/strong> &#8211; KLS SP. Z O.O., mit Sitz in P\u0142ock, ul. Grodzka 15\/6, 09-400 P\u0142ock, eingetragen unter der KRS-Nummer 0000204026, Steuernummer (NIP) 7742742657 und REGON 611375649.  <\/li>\n<li><strong>Serwis<\/strong> &#8211; Die von MW Automatyka s.c. bereitgestellte Website unter der aktuellen Adresse <a href=\"https:\/\/www.kls.eu.com\/\">www.kls.eu.com<\/a> owie unter Adressen, die auf diese Adresse umgeleitet werden, und jede andere Adresse, die diese erg\u00e4nzt, fortsetzt oder ersetzt.<\/li>\n<li><strong>Personenbezogene Daten<\/strong> &#8211; Alle Informationen, die eine identifizierte oder identifizierbare nat\u00fcrliche Person betreffen und die \u00fcber Formulare und Cookies gesammelt werden.<\/li>\n<li><strong>Dienstnutzer<\/strong> &#8211; Eine nat\u00fcrliche Person, die eine wirtschaftliche T\u00e4tigkeit aus\u00fcbt, eine juristische Person oder eine Organisationseinheit ohne eigene Rechtspers\u00f6nlichkeit, der das Gesetz Rechtsf\u00e4higkeit verleiht und die mit KLS SP. Z O.O. einen Vertrag abgeschlossen hat. <\/li>\n<li><strong>Benutzer<\/strong> &#8211; Eine nat\u00fcrliche Person, die den Dienst besucht oder eine oder mehrere Funktionen oder Dienste nutzt, die im Dienst bereitgestellt werden.<\/li>\n<li><strong>DSGVO<\/strong> &#8211; Verordnung (EU) 2016\/679 des Europ\u00e4ischen Parlaments und des Rates vom 7. April 2016 zum Schutz nat\u00fcrlicher Personen bei der Verarbeitung personenbezogener Daten, zum freien Datenverkehr und zur Aufhebung der Richtlinie 95\/46\/EG.<\/li>\n<li><strong>Richtlinie<\/strong> &#8211; diese Datenschutzrichtlinie.<\/li>\n<\/ol>\n<h3 style=\"text-align: center;\">ALLGEMEINE BESTIMMUNGEN<\/h3>\n<ol>\n<li>Der Verantwortliche f\u00fcr die \u00fcber die Website www.kls.eu.com erhobenen personenbezogenen Daten ist  <strong>KLS SP. Z O.O. <\/strong>, mit Sitz in P\u0142ock, ul. Grodzka 15\/6, 09-400 P\u0142ock, eingetragen unter der KRS-Nummer 0000204026, NIP 7742742657 und REGON 611375649, E-Mail-Adresse: <a href=\"mailto:info@kls.eu.com\">info@kls.eu.com<\/a> im Folgenden als \u201e<strong>Verantwortlicher<\/strong>\u201d bezeichnet, der gleichzeitig als Dienstanbieter fungiert. <\/li>\n<li>Die personenbezogenen Daten des Dienstnutzers werden gem\u00e4\u00df dem Gesetz zum Schutz personenbezogener Daten vom 29. August 1997 (Gesetzblatt Nr. 133, Pos. 883 mit \u00c4nderungen) sowie dem Gesetz \u00fcber die Erbringung von Dienstleistungen auf elektronischem Wege vom 18. Juli 2002 (Gesetzblatt Nr. 144, Pos. 1204 mit \u00c4nderungen) verarbeitet.  <\/li>\n<li>Der Verantwortliche tr\u00e4gt besondere Sorgfalt, um die Interessen der betroffenen Personen zu sch\u00fctzen, und stellt insbesondere sicher, dass die von ihm erhobenen Daten:\n<ol>\n<li>rechtm\u00e4\u00dfig verarbeitet werden,<\/li>\n<li>f\u00fcr festgelegte, rechtm\u00e4\u00dfige Zwecke erhoben und nicht in einer Weise weiterverarbeitet werden, die mit diesen Zwecken unvereinbar ist,<\/li>\n<li>sachlich richtig und angemessen im Verh\u00e4ltnis zu den Zwecken, f\u00fcr die sie verarbeitet werden, und in einer Form gespeichert, die die Identifizierung der betroffenen Personen nicht l\u00e4nger erm\u00f6glicht, als es f\u00fcr die Erreichung des Verarbeitungszwecks erforderlich ist.<\/li>\n<\/ol>\n<\/li>\n<\/ol>\n<h3 style=\"text-align: center;\">ZWECK UND UMFANG DER DATENERHEBUNG<\/h3>\n<ol>\n<li>Die vom Verantwortlichen erhobenen personenbezogenen Daten der Dienstnutzer werden verwendet f\u00fcr:\n<ol>\n<li>die Kontaktaufnahme mit dem Dienstnutzer (Kunden)<\/li>\n<li>zu Informationszwecken und anderen Aktivit\u00e4ten im Zusammenhang mit der Nutzung der Website <a href=\"https:\/\/www.kls.eu.com\">www.kls.eu.com<\/a> durch den Dienstnutzer<\/li>\n<li>zu Marketingzwecken (Newsletter)<\/li>\n<\/ol>\n<\/li>\n<li>Der Verantwortliche verarbeitet folgende personenbezogene Daten der Dienstnutzer:\n<ol>\n<li>Vor- und Nachname,<\/li>\n<li>E-Mail-Adresse,<\/li>\n<li>Telefonnummer<\/li>\n<\/ol>\n<\/li>\n<li>Der Verantwortliche kann folgende Daten verarbeiten, die die Nutzung der elektronisch erbrachten Dienstleistungen durch den Dienstnutzer charakterisieren (Nutzungsdaten):\n<ol>\n<li>Kennzeichnungen, die den Endpunkt des Telekommunikationsnetzes oder das IT-System identifizieren, das vom Dienstnutzer verwendet wurde.<\/li>\n<li>Informationen \u00fcber den Beginn, das Ende und den Umfang jeder Nutzung der elektronisch erbrachten Dienstleistung durch den Dienstnutzer.<\/li>\n<li>Informationen \u00fcber die Nutzung der elektronisch erbrachten Dienstleistungen durch den Dienstnutzer.<\/li>\n<\/ol>\n<\/li>\n<li>Die Angabe der in Punkt 2 genannten personenbezogenen Daten ist erforderlich, um die elektronischen Dienstleistungen des Dienstanbieters im Rahmen der Website zu erbringen.<\/li>\n<\/ol>\n<h3 style=\"text-align: center;\">GRUNDLAGE DER DATENVERARBEITUNG<\/h3>\n<ol>\n<li>Die Nutzung der Website sowie der Abschluss von Vertr\u00e4gen \u00fcber die Erbringung elektronischer Dienstleistungen \u00fcber diese ist vollkommen freiwillig und erfordert die Angabe personenbezogener Daten. Die betroffene Person entscheidet selbst, ob sie die Nutzung der vom Dienstanbieter gem\u00e4\u00df den Nutzungsbedingungen angebotenen elektronischen Dienstleistungen aufnehmen m\u00f6chte. <\/li>\n<li>Gem\u00e4\u00df Artikel 23 des Gesetzes zum Schutz personenbezogener Daten vom 29. August 1997 (Gesetzblatt Nr. 133, Pos. 883 mit \u00c4nderungen) ist die Verarbeitung von Daten unter anderem zul\u00e4ssig, wenn:\n<ol>\n<li>die betroffene Person ihre Einwilligung dazu erteilt, es sei denn, es handelt sich um die L\u00f6schung ihrer betreffenden Daten.<\/li>\n<li>dies f\u00fcr die Erf\u00fcllung eines Vertrags erforderlich ist, wenn die betroffene Person Vertragspartei ist, oder wenn es notwendig ist, Ma\u00dfnahmen vor Vertragsabschluss auf Wunsch der betroffenen Person zu ergreifen.<\/li>\n<\/ol>\n<\/li>\n<li>Die Verarbeitung personenbezogener Daten durch den Verantwortlichen erfolgt stets im Rahmen der in Punkt 2 genannten Zul\u00e4ssigkeitsgrundlagen. Die Verarbeitung der Daten wird im Zusammenhang mit der Erf\u00fcllung eines Vertrags oder der Notwendigkeit stehen, Ma\u00dfnahmen vor Vertragsabschluss auf Wunsch der betroffenen Person zu ergreifen (Punkt 2 Buchstabe b). <\/li>\n<\/ol>\n<h3 style=\"text-align: center;\">RECHT AUF KONTROLLE, ZUGANG ZU IHREN DATEN UND DEREN BERICHTIGUNG<\/h3>\n<ol>\n<li>Der Dienstnutzer hat das Recht auf Zugang zu seinen personenbezogenen Daten sowie auf deren Berichtigung.<\/li>\n<li>Jede Person hat das Recht, die Verarbeitung ihrer Daten, die im Datensatz des Verantwortlichen enthalten sind, zu kontrollieren, insbesondere das Recht, die Erg\u00e4nzung, Aktualisierung, Berichtigung personenbezogener Daten, die vor\u00fcbergehende oder dauerhafte Aussetzung ihrer Verarbeitung oder deren L\u00f6schung zu verlangen, wenn diese unvollst\u00e4ndig, nicht aktuell, falsch sind, in Verletzung des Gesetzes erhoben wurden oder f\u00fcr den Zweck, f\u00fcr den sie erhoben wurden, nicht mehr erforderlich sind.<\/li>\n<li>Zur Aus\u00fcbung der in Punkt 1 und 2 genannten Rechte k\u00f6nnen Sie eine entsprechende E-Mail-Nachricht an die Adresse <a href=\"mailto:info@kls.eu.com\">info@kls.eu.com<\/a> senden. <\/li>\n<\/ol>\n","protected":false},"excerpt":{"rendered":"<p>DEFINICJE Administrator &#8211; KLS SP. Z O.O., mit Sitz in P\u0142ock, ul. Grodzka 15\/6, 09-400 P\u0142ock, eingetragen unter der KRS-Nummer 0000204026, Steuernummer (NIP) 7742742657 und REGON 611375649. Serwis &#8211; Die von MW Automatyka s.c. bereitgestellte Website unter der aktuellen Adresse www.kls.eu.com owie unter Adressen, die auf diese Adresse umgeleitet werden, und jede andere Adresse, die [&hellip;]<\/p>\n","protected":false},"author":1,"featured_media":0,"parent":0,"menu_order":0,"comment_status":"closed","ping_status":"closed","template":"blank-page-with-container.php","meta":{"_acf_changed":false,"om_disable_all_campaigns":false,"_monsterinsights_skip_tracking":false,"_monsterinsights_sitenote_active":false,"_monsterinsights_sitenote_note":"","_monsterinsights_sitenote_category":0,"_uf_show_specific_survey":0,"_uf_disable_surveys":false,"footnotes":""},"class_list":["post-3689","page","type-page","status-publish","hentry"],"acf":[],"yoast_head":"<!-- This site is optimized with the Yoast SEO plugin v24.6 - https:\/\/yoast.com\/wordpress\/plugins\/seo\/ -->\n<title>Cookies-Richtlinie - KLS<\/title>\n<meta name=\"robots\" content=\"index, follow, max-snippet:-1, max-image-preview:large, max-video-preview:-1\" \/>\n<link rel=\"canonical\" href=\"https:\/\/www.kls.eu.com\/de\/cookies-richtlinie\/\" \/>\n<meta property=\"og:locale\" content=\"de_DE\" \/>\n<meta property=\"og:type\" content=\"article\" \/>\n<meta property=\"og:title\" content=\"Cookies-Richtlinie - KLS\" \/>\n<meta property=\"og:description\" content=\"DEFINICJE Administrator &#8211; KLS SP. Z O.O., mit Sitz in P\u0142ock, ul. Grodzka 15\/6, 09-400 P\u0142ock, eingetragen unter der KRS-Nummer 0000204026, Steuernummer (NIP) 7742742657 und REGON 611375649. Serwis &#8211; Die von MW Automatyka s.c. bereitgestellte Website unter der aktuellen Adresse www.kls.eu.com owie unter Adressen, die auf diese Adresse umgeleitet werden, und jede andere Adresse, die [&hellip;]\" \/>\n<meta property=\"og:url\" content=\"https:\/\/www.kls.eu.com\/de\/cookies-richtlinie\/\" \/>\n<meta property=\"og:site_name\" content=\"KLS\" \/>\n<meta name=\"twitter:card\" content=\"summary_large_image\" \/>\n<meta name=\"twitter:label1\" content=\"Gesch\u00e4tzte Lesezeit\" \/>\n\t<meta name=\"twitter:data1\" content=\"4\u00a0Minuten\" \/>\n<script type=\"application\/ld+json\" class=\"yoast-schema-graph\">{\"@context\":\"https:\/\/schema.org\",\"@graph\":[{\"@type\":\"WebPage\",\"@id\":\"https:\/\/www.kls.eu.com\/de\/cookies-richtlinie\/\",\"url\":\"https:\/\/www.kls.eu.com\/de\/cookies-richtlinie\/\",\"name\":\"Cookies-Richtlinie - KLS\",\"isPartOf\":{\"@id\":\"https:\/\/www.kls.eu.com\/de\/#website\"},\"datePublished\":\"2023-03-29T19:30:51+00:00\",\"breadcrumb\":{\"@id\":\"https:\/\/www.kls.eu.com\/de\/cookies-richtlinie\/#breadcrumb\"},\"inLanguage\":\"de\",\"potentialAction\":[{\"@type\":\"ReadAction\",\"target\":[\"https:\/\/www.kls.eu.com\/de\/cookies-richtlinie\/\"]}]},{\"@type\":\"BreadcrumbList\",\"@id\":\"https:\/\/www.kls.eu.com\/de\/cookies-richtlinie\/#breadcrumb\",\"itemListElement\":[{\"@type\":\"ListItem\",\"position\":1,\"name\":\"Startseite\",\"item\":\"https:\/\/www.kls.eu.com\/de\/startseite\/\"},{\"@type\":\"ListItem\",\"position\":2,\"name\":\"Cookies-Richtlinie\"}]},{\"@type\":\"WebSite\",\"@id\":\"https:\/\/www.kls.eu.com\/de\/#website\",\"url\":\"https:\/\/www.kls.eu.com\/de\/\",\"name\":\"KLS\",\"description\":\"relokacje, monta\u017c, demonta\u017c\",\"publisher\":{\"@id\":\"https:\/\/www.kls.eu.com\/de\/#organization\"},\"potentialAction\":[{\"@type\":\"SearchAction\",\"target\":{\"@type\":\"EntryPoint\",\"urlTemplate\":\"https:\/\/www.kls.eu.com\/de\/?s={search_term_string}\"},\"query-input\":{\"@type\":\"PropertyValueSpecification\",\"valueRequired\":true,\"valueName\":\"search_term_string\"}}],\"inLanguage\":\"de\"},{\"@type\":\"Organization\",\"@id\":\"https:\/\/www.kls.eu.com\/de\/#organization\",\"name\":\"KLS\",\"url\":\"https:\/\/www.kls.eu.com\/de\/\",\"logo\":{\"@type\":\"ImageObject\",\"inLanguage\":\"de\",\"@id\":\"https:\/\/www.kls.eu.com\/de\/#\/schema\/logo\/image\/\",\"url\":\"http:\/\/test.kls.eu.com\/wp-content\/uploads\/2023\/03\/kls-dark-logo.png\",\"contentUrl\":\"http:\/\/test.kls.eu.com\/wp-content\/uploads\/2023\/03\/kls-dark-logo.png\",\"width\":1000,\"height\":340,\"caption\":\"KLS\"},\"image\":{\"@id\":\"https:\/\/www.kls.eu.com\/de\/#\/schema\/logo\/image\/\"}}]}<\/script>\n<!-- \/ Yoast SEO plugin. -->","yoast_head_json":{"title":"Cookies-Richtlinie - KLS","robots":{"index":"index","follow":"follow","max-snippet":"max-snippet:-1","max-image-preview":"max-image-preview:large","max-video-preview":"max-video-preview:-1"},"canonical":"https:\/\/www.kls.eu.com\/de\/cookies-richtlinie\/","og_locale":"de_DE","og_type":"article","og_title":"Cookies-Richtlinie - KLS","og_description":"DEFINICJE Administrator &#8211; KLS SP. Z O.O., mit Sitz in P\u0142ock, ul. Grodzka 15\/6, 09-400 P\u0142ock, eingetragen unter der KRS-Nummer 0000204026, Steuernummer (NIP) 7742742657 und REGON 611375649. Serwis &#8211; Die von MW Automatyka s.c. bereitgestellte Website unter der aktuellen Adresse www.kls.eu.com owie unter Adressen, die auf diese Adresse umgeleitet werden, und jede andere Adresse, die [&hellip;]","og_url":"https:\/\/www.kls.eu.com\/de\/cookies-richtlinie\/","og_site_name":"KLS","twitter_card":"summary_large_image","twitter_misc":{"Gesch\u00e4tzte Lesezeit":"4\u00a0Minuten"},"schema":{"@context":"https:\/\/schema.org","@graph":[{"@type":"WebPage","@id":"https:\/\/www.kls.eu.com\/de\/cookies-richtlinie\/","url":"https:\/\/www.kls.eu.com\/de\/cookies-richtlinie\/","name":"Cookies-Richtlinie - KLS","isPartOf":{"@id":"https:\/\/www.kls.eu.com\/de\/#website"},"datePublished":"2023-03-29T19:30:51+00:00","breadcrumb":{"@id":"https:\/\/www.kls.eu.com\/de\/cookies-richtlinie\/#breadcrumb"},"inLanguage":"de","potentialAction":[{"@type":"ReadAction","target":["https:\/\/www.kls.eu.com\/de\/cookies-richtlinie\/"]}]},{"@type":"BreadcrumbList","@id":"https:\/\/www.kls.eu.com\/de\/cookies-richtlinie\/#breadcrumb","itemListElement":[{"@type":"ListItem","position":1,"name":"Startseite","item":"https:\/\/www.kls.eu.com\/de\/startseite\/"},{"@type":"ListItem","position":2,"name":"Cookies-Richtlinie"}]},{"@type":"WebSite","@id":"https:\/\/www.kls.eu.com\/de\/#website","url":"https:\/\/www.kls.eu.com\/de\/","name":"KLS","description":"relokacje, monta\u017c, demonta\u017c","publisher":{"@id":"https:\/\/www.kls.eu.com\/de\/#organization"},"potentialAction":[{"@type":"SearchAction","target":{"@type":"EntryPoint","urlTemplate":"https:\/\/www.kls.eu.com\/de\/?s={search_term_string}"},"query-input":{"@type":"PropertyValueSpecification","valueRequired":true,"valueName":"search_term_string"}}],"inLanguage":"de"},{"@type":"Organization","@id":"https:\/\/www.kls.eu.com\/de\/#organization","name":"KLS","url":"https:\/\/www.kls.eu.com\/de\/","logo":{"@type":"ImageObject","inLanguage":"de","@id":"https:\/\/www.kls.eu.com\/de\/#\/schema\/logo\/image\/","url":"http:\/\/test.kls.eu.com\/wp-content\/uploads\/2023\/03\/kls-dark-logo.png","contentUrl":"http:\/\/test.kls.eu.com\/wp-content\/uploads\/2023\/03\/kls-dark-logo.png","width":1000,"height":340,"caption":"KLS"},"image":{"@id":"https:\/\/www.kls.eu.com\/de\/#\/schema\/logo\/image\/"}}]}},"_links":{"self":[{"href":"https:\/\/www.kls.eu.com\/de\/wp-json\/wp\/v2\/pages\/3689","targetHints":{"allow":["GET"]}}],"collection":[{"href":"https:\/\/www.kls.eu.com\/de\/wp-json\/wp\/v2\/pages"}],"about":[{"href":"https:\/\/www.kls.eu.com\/de\/wp-json\/wp\/v2\/types\/page"}],"author":[{"embeddable":true,"href":"https:\/\/www.kls.eu.com\/de\/wp-json\/wp\/v2\/users\/1"}],"replies":[{"embeddable":true,"href":"https:\/\/www.kls.eu.com\/de\/wp-json\/wp\/v2\/comments?post=3689"}],"version-history":[{"count":0,"href":"https:\/\/www.kls.eu.com\/de\/wp-json\/wp\/v2\/pages\/3689\/revisions"}],"wp:attachment":[{"href":"https:\/\/www.kls.eu.com\/de\/wp-json\/wp\/v2\/media?parent=3689"}],"curies":[{"name":"wp","href":"https:\/\/api.w.org\/{rel}","templated":true}]}}