{"id":3621,"date":"2021-05-18T12:53:31","date_gmt":"2021-05-18T11:53:31","guid":{"rendered":"https:\/\/kls\/datenschutzrichtlinie\/"},"modified":"2021-05-18T12:53:31","modified_gmt":"2021-05-18T11:53:31","slug":"datenschutzrichtlinie","status":"publish","type":"page","link":"https:\/\/www.kls.eu.com\/de\/datenschutzrichtlinie\/","title":{"rendered":"Datenschutzrichtlinie"},"content":{"rendered":"<h1>Wer ist der Verantwortliche f\u00fcr Ihre Daten?<\/h1>\n<p><strong>KLS SP. Z O.O. <\/strong> mit Sitz in P\u0142ock, ul. Grodzka 15\/6, 09-400 P\u0142ock, unter der KRS-Nummer 0000204026, Steuernummer (NIP) 7742742657 und REGON 611375649. <\/p>\n<h3>Kontakt bez\u00fcglich personenbezogener Daten<\/h3>\n<p>Bei Fragen zur Verarbeitung Ihrer personenbezogenen Daten durch KLS SP. Z O.O. oder zur Aus\u00fcbung Ihrer Rechte im Zusammenhang mit dieser Verarbeitung k\u00f6nnen Sie uns wie folgt kontaktieren: <\/p>\n<ul>\n<li>per e-mail: <a href=\"mailto:%20info@kls.eu.com\"> info@kls.eu.com<\/a>,<\/li>\n<li>relefonisch: <a class=\"contact-number\" href=\"tel:48504213657\">+48 504 213 657<\/a> von 9:00 &#8211; 17:00 Uhr an Werktagen,<\/li>\n<li>schriftlich an die adresse: KLS SP. Z O.O. ul. Grodzka 15\/6, 09-400 P\u0142ock  <\/li>\n<\/ul>\n<h3>Zwecke und Rechtsgrundlagen der Verarbeitung personenbezogener Daten<\/h3>\n<h4>KONTAKTFORMULAR<\/h4>\n<p>Wenn Sie das Kontaktformular ausf\u00fcllen, uns eine E-Mail oder einen Brief senden, verarbeiten wir Ihre Daten zum Zwecke der Kontaktaufnahme und der Korrespondenz. Ihre Kontaktdaten dienen uns auch zur \u00dcbermittlung wichtiger Mitteilungen, z. B. zu \u00c4nderungen im Betrieb der Website, in den Regelungen oder Nutzungsbedingungen. Die Daten werden zusammen mit der Korrespondenz archiviert. Die Rechtsgrundlage f\u00fcr die Verarbeitung ist unser berechtigtes Interesse als Verantwortlicher, welches sich auf die Durchf\u00fchrung der Korrespondenz im Zusammenhang mit der Gesch\u00e4ftst\u00e4tigkeit sowie auf die Archivierung dieser Korrespondenz bezieht, um Informationen \u00fcber unsere Gesch\u00e4ftst\u00e4tigkeit bereitzustellen.   <\/p>\n<h4>BESTELLUNG VON WAREN ODER DIENSTLEISTUNGEN<\/h4>\n<p>Wenn Ihre Daten im Zusammenhang mit der Bestellung von Waren oder Dienstleistungen angegeben wurden, verarbeiten wir diese zum Zwecke des Abschlusses und der Durchf\u00fchrung des Vertrags, an dem Sie interessiert sind. Die Rechtsgrundlage f\u00fcr die Verarbeitung ist in diesem Fall Artikel 6 Absatz 1 Buchstabe b DSGVO, d. h. die Notwendigkeit der Verarbeitung der Daten zur Erf\u00fcllung des Vertrags oder die Notwendigkeit ihrer Verarbeitung zur Durchf\u00fchrung vorvertraglicher Ma\u00dfnahmen auf Ihr Ersuchen hin.    <\/p>\n<h4>TELEFONISCHES GESPR\u00c4CH<\/h4>\n<p>Im Falle eines Telefonats bitten wir Sie, personenbezogene Daten nur dann anzugeben, wenn dies zur Bearbeitung des Anliegens, mit dem Sie uns kontaktieren, erforderlich ist. Diese Daten verarbeiten wir ausschlie\u00dflich zu diesem Zweck. Die Rechtsgrundlage f\u00fcr die Verarbeitung ist in diesem Fall unser berechtigtes Interesse als Verantwortlicher, das in der Notwendigkeit besteht, Angelegenheiten im Zusammenhang mit unserer Gesch\u00e4ftst\u00e4tigkeit zu kl\u00e4ren. <\/p>\n<h3>Einwilligung<\/h3>\n<p>In einigen F\u00e4llen, wenn wir Sie um Ihre Zustimmung zur Verarbeitung personenbezogener Daten bitten, verarbeiten wir Ihre Daten auf der Grundlage Ihrer Einwilligung und ausschlie\u00dflich zu dem Zweck, den wir bei der Bitte um Einwilligung angeben. Unsere Mitarbeiter sind darin geschult, Sie jedes Mal zu informieren, wenn sie Ihre Daten ben\u00f6tigen, und zwar \u00fcber den Zweck und den Umfang der Verarbeitung. Die Angabe Ihrer Daten ist freiwillig, jedoch kann das Fehlen dieser Daten uns daran hindern, den Zweck der Verarbeitung zu erreichen, z. B. die Kontaktaufnahme mit Ihnen oder den Abschluss eines Vertrags. Wenn der Zweck der Datenverarbeitung die Erf\u00fcllung eines Vertrags ist, ist die Angabe der erforderlichen Daten notwendig, um den Vertrag abzuschlie\u00dfen.   <\/p>\n<h3>Speicherdauer personenbezogener Daten<\/h3>\n<p>Wenn Sie Ihre Einwilligung zur Verarbeitung Ihrer Daten erteilt haben, verarbeiten wir diese, bis die Einwilligung widerrufen wird. Wenn Ihre Daten zur Erf\u00fcllung eines Vertrags verarbeitet werden, erfolgt die Verarbeitung, bis die Anspr\u00fcche im Zusammenhang mit der Vertragserf\u00fcllung verj\u00e4hren. Falls die Verarbeitung Ihrer Daten erforderlich ist, um auf Ihr Ersuchen hin Ma\u00dfnahmen vor Vertragsabschluss durchzuf\u00fchren, verarbeiten wir die Daten zu diesem Zweck bis zum Vertragsabschluss oder bis feststeht, dass kein Vertrag zustande kommt.<\/p>\n<p>Die von Ihnen angegebenen Daten, die wir zum Zwecke der Kontaktaufnahme mit Ihnen verarbeiten, werden so lange verarbeitet, wie ein Kontaktbedarf besteht, sowie zur Archivierung der Korrespondenz, solange dies unsererseits erforderlich ist, jedoch nicht l\u00e4nger als 5 Jahre oder bis ein eingelegter Widerspruch ber\u00fccksichtigt wird.  <\/p>\n<h3>Empf\u00e4nger der daten<\/h3>\n<p>Ihre personenbezogenen Daten werden nicht an Dritte weitergegeben. Die Verarbeitung Ihrer Daten wird jedoch unserem Hosting-Dienstleister der Website anvertraut \u2013 der Firma Home.pl, ul. Zbo\u017cowa 4, 70-653 Szczecin.   <\/p>\n<h3>Rechte im Zusammenhang mit der Verarbeitung personenbezogener Daten<\/h3>\n<p>Sie haben folgende Rechte:<\/p>\n<ul>\n<li>Das Recht auf Zugriff auf Ihre personenbezogenen Daten<\/li>\n<li>das Recht, die Berichtigung Ihrer Daten zu verlangen,<\/li>\n<li>in bestimmten F\u00e4llen das Recht, die L\u00f6schung personenbezogener Daten zu verlangen,<\/li>\n<li>das Recht, die Einschr\u00e4nkung der Verarbeitung personenbezogener Daten zu verlangen,<\/li>\n<li>das Recht, der Verarbeitung Ihrer Daten aus Gr\u00fcnden, die sich aus Ihrer besonderen Situation ergeben, zu widersprechen \u2013 wenn wir Ihre Daten auf der Grundlage unseres berechtigten Interesses verarbeiten,<\/li>\n<li>das Recht auf Daten\u00fcbertragbarkeit, d. h. das Recht, Ihre personenbezogenen Daten in einem strukturierten, g\u00e4ngigen und maschinenlesbaren Format von uns zu erhalten. Sie k\u00f6nnen verlangen, dass wir Ihre Daten an einen anderen Verantwortlichen \u00fcbermitteln. Dies werden wir jedoch nur tun, wenn eine solche \u00dcbermittlung technisch m\u00f6glich ist. Das Recht auf Daten\u00fcbertragbarkeit gilt nur f\u00fcr Daten, die von uns auf Grundlage eines Vertrags oder Ihrer Einwilligung verarbeitet werden.    <\/li>\n<li>Falls Sie Ihre Einwilligung zur Verarbeitung von Daten erteilen, haben Sie das Recht, diese jederzeit zu widerrufen. Zu diesem Zweck k\u00f6nnen Sie uns eine Mitteilung per Post oder E-Mail senden.<\/li>\n<\/ul>\n<h3>Um Ihre Rechte in Bezug auf Ihre Daten wahrzunehmen, kontaktieren Sie uns bitte.<\/h3>\n<p>Sie haben auch das Recht, eine Beschwerde bei der Aufsichtsbeh\u00f6rde f\u00fcr den Datenschutz einzureichen, n\u00e4mlich beim Pr\u00e4sidenten des Amtes f\u00fcr den Schutz personenbezogener Daten. <\/p>\n<h3>M\u00f6chten Sie Ihre Daten vollst\u00e4ndig aus unserer Datenbank l\u00f6schen?<\/h3>\n<p>Bei KLS SP. Z O.O. speichern wir keine Daten gegen Ihren Willen. Kontaktieren Sie uns schriftlich unter der Adresse KLS SP. Z O.O., ul. Grodzka 15\/6, 09-400 P\u0142ock, oder elektronisch per E-Mail <a href=\"mailto:%20info@kls.eu.com\">info@kls.eu.com<\/a>.    <\/p>\n","protected":false},"excerpt":{"rendered":"<p>Wer ist der Verantwortliche f\u00fcr Ihre Daten? KLS SP. Z O.O. mit Sitz in P\u0142ock, ul. Grodzka 15\/6, 09-400 P\u0142ock, unter der KRS-Nummer 0000204026, Steuernummer (NIP) 7742742657 und REGON 611375649. Kontakt bez\u00fcglich personenbezogener Daten Bei Fragen zur Verarbeitung Ihrer personenbezogenen Daten durch KLS SP. Z O.O. oder zur Aus\u00fcbung Ihrer Rechte im Zusammenhang mit dieser [&hellip;]<\/p>\n","protected":false},"author":1,"featured_media":0,"parent":0,"menu_order":0,"comment_status":"closed","ping_status":"closed","template":"blank-page-with-container.php","meta":{"_acf_changed":false,"om_disable_all_campaigns":false,"_monsterinsights_skip_tracking":false,"_monsterinsights_sitenote_active":false,"_monsterinsights_sitenote_note":"","_monsterinsights_sitenote_category":0,"_uf_show_specific_survey":0,"_uf_disable_surveys":false,"footnotes":""},"class_list":["post-3621","page","type-page","status-publish","hentry"],"acf":[],"yoast_head":"<!-- This site is optimized with the Yoast SEO plugin v24.6 - https:\/\/yoast.com\/wordpress\/plugins\/seo\/ -->\n<title>Datenschutzrichtlinie - KLS<\/title>\n<meta name=\"robots\" content=\"index, follow, max-snippet:-1, max-image-preview:large, max-video-preview:-1\" \/>\n<link rel=\"canonical\" href=\"https:\/\/www.kls.eu.com\/de\/datenschutzrichtlinie\/\" \/>\n<meta property=\"og:locale\" content=\"de_DE\" \/>\n<meta property=\"og:type\" content=\"article\" \/>\n<meta property=\"og:title\" content=\"Datenschutzrichtlinie - KLS\" \/>\n<meta property=\"og:description\" content=\"Wer ist der Verantwortliche f\u00fcr Ihre Daten? KLS SP. Z O.O. mit Sitz in P\u0142ock, ul. Grodzka 15\/6, 09-400 P\u0142ock, unter der KRS-Nummer 0000204026, Steuernummer (NIP) 7742742657 und REGON 611375649. Kontakt bez\u00fcglich personenbezogener Daten Bei Fragen zur Verarbeitung Ihrer personenbezogenen Daten durch KLS SP. Z O.O. oder zur Aus\u00fcbung Ihrer Rechte im Zusammenhang mit dieser [&hellip;]\" \/>\n<meta property=\"og:url\" content=\"https:\/\/www.kls.eu.com\/de\/datenschutzrichtlinie\/\" \/>\n<meta property=\"og:site_name\" content=\"KLS\" \/>\n<meta name=\"twitter:card\" content=\"summary_large_image\" \/>\n<meta name=\"twitter:label1\" content=\"Gesch\u00e4tzte Lesezeit\" \/>\n\t<meta name=\"twitter:data1\" content=\"5\u00a0Minuten\" \/>\n<script type=\"application\/ld+json\" class=\"yoast-schema-graph\">{\"@context\":\"https:\/\/schema.org\",\"@graph\":[{\"@type\":\"WebPage\",\"@id\":\"https:\/\/www.kls.eu.com\/de\/datenschutzrichtlinie\/\",\"url\":\"https:\/\/www.kls.eu.com\/de\/datenschutzrichtlinie\/\",\"name\":\"Datenschutzrichtlinie - KLS\",\"isPartOf\":{\"@id\":\"https:\/\/www.kls.eu.com\/de\/#website\"},\"datePublished\":\"2021-05-18T11:53:31+00:00\",\"breadcrumb\":{\"@id\":\"https:\/\/www.kls.eu.com\/de\/datenschutzrichtlinie\/#breadcrumb\"},\"inLanguage\":\"de\",\"potentialAction\":[{\"@type\":\"ReadAction\",\"target\":[\"https:\/\/www.kls.eu.com\/de\/datenschutzrichtlinie\/\"]}]},{\"@type\":\"BreadcrumbList\",\"@id\":\"https:\/\/www.kls.eu.com\/de\/datenschutzrichtlinie\/#breadcrumb\",\"itemListElement\":[{\"@type\":\"ListItem\",\"position\":1,\"name\":\"Startseite\",\"item\":\"https:\/\/www.kls.eu.com\/de\/startseite\/\"},{\"@type\":\"ListItem\",\"position\":2,\"name\":\"Datenschutzrichtlinie\"}]},{\"@type\":\"WebSite\",\"@id\":\"https:\/\/www.kls.eu.com\/de\/#website\",\"url\":\"https:\/\/www.kls.eu.com\/de\/\",\"name\":\"KLS\",\"description\":\"relokacje, monta\u017c, demonta\u017c\",\"publisher\":{\"@id\":\"https:\/\/www.kls.eu.com\/de\/#organization\"},\"potentialAction\":[{\"@type\":\"SearchAction\",\"target\":{\"@type\":\"EntryPoint\",\"urlTemplate\":\"https:\/\/www.kls.eu.com\/de\/?s={search_term_string}\"},\"query-input\":{\"@type\":\"PropertyValueSpecification\",\"valueRequired\":true,\"valueName\":\"search_term_string\"}}],\"inLanguage\":\"de\"},{\"@type\":\"Organization\",\"@id\":\"https:\/\/www.kls.eu.com\/de\/#organization\",\"name\":\"KLS\",\"url\":\"https:\/\/www.kls.eu.com\/de\/\",\"logo\":{\"@type\":\"ImageObject\",\"inLanguage\":\"de\",\"@id\":\"https:\/\/www.kls.eu.com\/de\/#\/schema\/logo\/image\/\",\"url\":\"http:\/\/test.kls.eu.com\/wp-content\/uploads\/2023\/03\/kls-dark-logo.png\",\"contentUrl\":\"http:\/\/test.kls.eu.com\/wp-content\/uploads\/2023\/03\/kls-dark-logo.png\",\"width\":1000,\"height\":340,\"caption\":\"KLS\"},\"image\":{\"@id\":\"https:\/\/www.kls.eu.com\/de\/#\/schema\/logo\/image\/\"}}]}<\/script>\n<!-- \/ Yoast SEO plugin. -->","yoast_head_json":{"title":"Datenschutzrichtlinie - KLS","robots":{"index":"index","follow":"follow","max-snippet":"max-snippet:-1","max-image-preview":"max-image-preview:large","max-video-preview":"max-video-preview:-1"},"canonical":"https:\/\/www.kls.eu.com\/de\/datenschutzrichtlinie\/","og_locale":"de_DE","og_type":"article","og_title":"Datenschutzrichtlinie - KLS","og_description":"Wer ist der Verantwortliche f\u00fcr Ihre Daten? KLS SP. Z O.O. mit Sitz in P\u0142ock, ul. Grodzka 15\/6, 09-400 P\u0142ock, unter der KRS-Nummer 0000204026, Steuernummer (NIP) 7742742657 und REGON 611375649. Kontakt bez\u00fcglich personenbezogener Daten Bei Fragen zur Verarbeitung Ihrer personenbezogenen Daten durch KLS SP. Z O.O. oder zur Aus\u00fcbung Ihrer Rechte im Zusammenhang mit dieser [&hellip;]","og_url":"https:\/\/www.kls.eu.com\/de\/datenschutzrichtlinie\/","og_site_name":"KLS","twitter_card":"summary_large_image","twitter_misc":{"Gesch\u00e4tzte Lesezeit":"5\u00a0Minuten"},"schema":{"@context":"https:\/\/schema.org","@graph":[{"@type":"WebPage","@id":"https:\/\/www.kls.eu.com\/de\/datenschutzrichtlinie\/","url":"https:\/\/www.kls.eu.com\/de\/datenschutzrichtlinie\/","name":"Datenschutzrichtlinie - KLS","isPartOf":{"@id":"https:\/\/www.kls.eu.com\/de\/#website"},"datePublished":"2021-05-18T11:53:31+00:00","breadcrumb":{"@id":"https:\/\/www.kls.eu.com\/de\/datenschutzrichtlinie\/#breadcrumb"},"inLanguage":"de","potentialAction":[{"@type":"ReadAction","target":["https:\/\/www.kls.eu.com\/de\/datenschutzrichtlinie\/"]}]},{"@type":"BreadcrumbList","@id":"https:\/\/www.kls.eu.com\/de\/datenschutzrichtlinie\/#breadcrumb","itemListElement":[{"@type":"ListItem","position":1,"name":"Startseite","item":"https:\/\/www.kls.eu.com\/de\/startseite\/"},{"@type":"ListItem","position":2,"name":"Datenschutzrichtlinie"}]},{"@type":"WebSite","@id":"https:\/\/www.kls.eu.com\/de\/#website","url":"https:\/\/www.kls.eu.com\/de\/","name":"KLS","description":"relokacje, monta\u017c, demonta\u017c","publisher":{"@id":"https:\/\/www.kls.eu.com\/de\/#organization"},"potentialAction":[{"@type":"SearchAction","target":{"@type":"EntryPoint","urlTemplate":"https:\/\/www.kls.eu.com\/de\/?s={search_term_string}"},"query-input":{"@type":"PropertyValueSpecification","valueRequired":true,"valueName":"search_term_string"}}],"inLanguage":"de"},{"@type":"Organization","@id":"https:\/\/www.kls.eu.com\/de\/#organization","name":"KLS","url":"https:\/\/www.kls.eu.com\/de\/","logo":{"@type":"ImageObject","inLanguage":"de","@id":"https:\/\/www.kls.eu.com\/de\/#\/schema\/logo\/image\/","url":"http:\/\/test.kls.eu.com\/wp-content\/uploads\/2023\/03\/kls-dark-logo.png","contentUrl":"http:\/\/test.kls.eu.com\/wp-content\/uploads\/2023\/03\/kls-dark-logo.png","width":1000,"height":340,"caption":"KLS"},"image":{"@id":"https:\/\/www.kls.eu.com\/de\/#\/schema\/logo\/image\/"}}]}},"_links":{"self":[{"href":"https:\/\/www.kls.eu.com\/de\/wp-json\/wp\/v2\/pages\/3621","targetHints":{"allow":["GET"]}}],"collection":[{"href":"https:\/\/www.kls.eu.com\/de\/wp-json\/wp\/v2\/pages"}],"about":[{"href":"https:\/\/www.kls.eu.com\/de\/wp-json\/wp\/v2\/types\/page"}],"author":[{"embeddable":true,"href":"https:\/\/www.kls.eu.com\/de\/wp-json\/wp\/v2\/users\/1"}],"replies":[{"embeddable":true,"href":"https:\/\/www.kls.eu.com\/de\/wp-json\/wp\/v2\/comments?post=3621"}],"version-history":[{"count":0,"href":"https:\/\/www.kls.eu.com\/de\/wp-json\/wp\/v2\/pages\/3621\/revisions"}],"wp:attachment":[{"href":"https:\/\/www.kls.eu.com\/de\/wp-json\/wp\/v2\/media?parent=3621"}],"curies":[{"name":"wp","href":"https:\/\/api.w.org\/{rel}","templated":true}]}}